{"id":47,"date":"2018-04-13T13:14:09","date_gmt":"2018-04-13T13:14:09","guid":{"rendered":"http:\/\/orbisalliance.com\/?page_id=47"},"modified":"2023-01-03T07:24:11","modified_gmt":"2023-01-03T07:24:11","slug":"nos-equipes","status":"publish","type":"page","link":"https:\/\/orbis-alliance.com\/fr\/nos-equipes","title":{"rendered":"Nos Equipes"},"content":{"rendered":"<div class=\"wpb-content-wrapper\">[vc_row][vc_column][vc_column_text css_animation=&#8221;fadeIn&#8221;]Nos \u00e9quipes sont compos\u00e9es de conseillers juridiques, de comptables, d&#8217;auditeurs et de consultants en affaires.<\/p>\n<p>Gr\u00e2ce \u00e0 ses connaissances approfondies et son expertise dans les diff\u00e9rentes juridictions, notre \u00e9quipe est en mesure de proposer des solutions adapt\u00e9es pour r\u00e9pondre \u00e0 un large \u00e9ventail de projets.<\/p>\n<p>L\u2019\u00e9quipe d\u2019Orbis est une combinaison d\u2019experts \u00e9trangers et locaux capables de fournir une assistance personnalis\u00e9e \u00e0 nos clients dans des domaines aussi bien nationaux que transnationaux.<\/p>\n<p>Explorez les biographies de notre \u00e9quipe pour en savoir plus sur qui nous sommes.[\/vc_column_text][\/vc_column][\/vc_row][vc_row css=&#8221;.vc_custom_1525716623222{padding-top: 50px !important;padding-bottom: 50px !important;}&#8221;][vc_column][vc_row_inner][vc_column_inner width=&#8221;1\/3&#8243;][vc_single_image image=&#8221;1193&#8243; img_size=&#8221;medium&#8221; alignment=&#8221;center&#8221; onclick=&#8221;custom_link&#8221; css_animation=&#8221;fadeIn&#8221; link=&#8221;https:\/\/orbis-alliance.com\/fr\/nos-equipes\/thailande&#8221;][vc_column_text css_animation=&#8221;fadeIn&#8221;]\n<h3 style=\"text-align: center;\"><a href=\"https:\/\/orbis-alliance.com\/fr\/nos-equipes\/thailande\">Bangkok<\/a><\/h3>\n[\/vc_column_text][\/vc_column_inner][vc_column_inner width=&#8221;1\/3&#8243;][vc_single_image image=&#8221;1194&#8243; img_size=&#8221;medium&#8221; alignment=&#8221;center&#8221; onclick=&#8221;custom_link&#8221; css_animation=&#8221;fadeIn&#8221; link=&#8221;https:\/\/orbis-alliance.com\/fr\/nos-equipes\/hong-kong&#8221;][vc_column_text css_animation=&#8221;fadeIn&#8221;]\n<h3 style=\"text-align: center;\"><a href=\"https:\/\/orbis-alliance.com\/fr\/nos-equipes\/hong-kong\">Hong Kong<\/a><\/h3>\n[\/vc_column_text][\/vc_column_inner][vc_column_inner width=&#8221;1\/3&#8243;][vc_single_image image=&#8221;1195&#8243; img_size=&#8221;medium&#8221; alignment=&#8221;center&#8221; onclick=&#8221;custom_link&#8221; css_animation=&#8221;fadeIn&#8221; link=&#8221;https:\/\/orbis-alliance.com\/fr\/nos-equipes\/chine&#8221;][vc_column_text css_animation=&#8221;fadeIn&#8221;]\n<h3 style=\"text-align: center;\"><a href=\"https:\/\/orbis-alliance.com\/fr\/nos-equipes\/chine\">Chine<\/a><\/h3>\n[\/vc_column_text][\/vc_column_inner][\/vc_row_inner][vc_row_inner][vc_column_inner width=&#8221;1\/3&#8243;][vc_single_image image=&#8221;1196&#8243; img_size=&#8221;medium&#8221; alignment=&#8221;center&#8221; onclick=&#8221;custom_link&#8221; css_animation=&#8221;fadeIn&#8221; link=&#8221;https:\/\/orbis-alliance.com\/fr\/nos-equipes\/philippines\/&#8221;][vc_column_text css_animation=&#8221;fadeIn&#8221;]\n<h3 style=\"text-align: center;\"><a href=\"https:\/\/orbis-alliance.com\/fr\/nos-equipes\/philippines\">Manille<\/a><\/h3>\n[\/vc_column_text][\/vc_column_inner][vc_column_inner width=&#8221;1\/3&#8243;][vc_single_image image=&#8221;1197&#8243; img_size=&#8221;medium&#8221; alignment=&#8221;center&#8221; onclick=&#8221;custom_link&#8221; css_animation=&#8221;fadeIn&#8221; link=&#8221;https:\/\/orbis-alliance.com\/fr\/nos-equipes\/singapour\/&#8221;][vc_column_text css_animation=&#8221;fadeIn&#8221;]\n<h3 style=\"text-align: center;\"><a href=\"https:\/\/orbis-alliance.com\/fr\/nos-equipes\/singapour\">Singapour<\/a><\/h3>\n[\/vc_column_text][\/vc_column_inner][\/vc_row_inner][vc_row_inner][vc_column_inner width=&#8221;1\/3&#8243;][\/vc_column_inner][vc_column_inner width=&#8221;1\/3&#8243;][\/vc_column_inner][\/vc_row_inner][\/vc_column][\/vc_row]\n<\/div>","protected":false},"excerpt":{"rendered":"<p>[vc_row][vc_column][vc_column_text css_animation=&#8221;fadeIn&#8221;]Nos \u00e9quipes sont compos\u00e9es de conseillers juridiques, de comptables, d&#8217;auditeurs et de consultants en affaires. Gr\u00e2ce \u00e0 ses connaissances approfondies et son expertise dans les diff\u00e9rentes juridictions, notre \u00e9quipe est en mesure de proposer des solutions adapt\u00e9es pour r\u00e9pondre \u00e0 un large \u00e9ventail de projets. L\u2019\u00e9quipe d\u2019Orbis est une combinaison d\u2019experts \u00e9trangers et locaux [&hellip;]<\/p>\n","protected":false},"author":1,"featured_media":1897,"parent":0,"menu_order":0,"comment_status":"closed","ping_status":"closed","template":"","meta":{"footnotes":""},"class_list":["post-47","page","type-page","status-publish","has-post-thumbnail","hentry"],"aioseo_notices":[],"_links":{"self":[{"href":"https:\/\/orbis-alliance.com\/fr\/wp-json\/wp\/v2\/pages\/47","targetHints":{"allow":["GET"]}}],"collection":[{"href":"https:\/\/orbis-alliance.com\/fr\/wp-json\/wp\/v2\/pages"}],"about":[{"href":"https:\/\/orbis-alliance.com\/fr\/wp-json\/wp\/v2\/types\/page"}],"author":[{"embeddable":true,"href":"https:\/\/orbis-alliance.com\/fr\/wp-json\/wp\/v2\/users\/1"}],"replies":[{"embeddable":true,"href":"https:\/\/orbis-alliance.com\/fr\/wp-json\/wp\/v2\/comments?post=47"}],"version-history":[{"count":0,"href":"https:\/\/orbis-alliance.com\/fr\/wp-json\/wp\/v2\/pages\/47\/revisions"}],"wp:featuredmedia":[{"embeddable":true,"href":"https:\/\/orbis-alliance.com\/fr\/wp-json\/wp\/v2\/media\/1897"}],"wp:attachment":[{"href":"https:\/\/orbis-alliance.com\/fr\/wp-json\/wp\/v2\/media?parent=47"}],"curies":[{"name":"wp","href":"https:\/\/api.w.org\/{rel}","templated":true}]}}