{"id":39,"date":"2018-04-13T13:12:00","date_gmt":"2018-04-13T13:12:00","guid":{"rendered":"http:\/\/orbisalliance.com\/?page_id=39"},"modified":"2020-11-12T10:03:22","modified_gmt":"2020-11-12T10:03:22","slug":"nos-services","status":"publish","type":"page","link":"https:\/\/orbis-alliance.com\/fr\/nos-services","title":{"rendered":"Nos Services"},"content":{"rendered":"<div class=\"wpb-content-wrapper\">[vc_row css=&#8221;.vc_custom_1525342262724{margin-top: 50px !important;padding-bottom: 50px !important;}&#8221;][vc_column][vc_tta_tour color=&#8221;white&#8221; active_section=&#8221;1&#8243; no_fill_content_area=&#8221;true&#8221;][vc_tta_section i_icon_fontawesome=&#8221;fa fa-handshake-o&#8221; add_icon=&#8221;true&#8221; title=&#8221;Conseil en affaires&#8221; tab_id=&#8221;conseil-en-affaires&#8221;][vc_row_inner][vc_column_inner][vc_column_text]\n<h3>Conseil en affaires<\/h3>\n<p>Sur des march\u00e9s concurrentiels et aux r\u00e9glementations parfois exotiques qui requi\u00e8rent une forte capacit\u00e9 d\u2019adaptation, il est essentiel d\u2019examiner l\u2019environnement des affaires, les pratiques locales ainsi que les opportunit\u00e9s potentielles afin d\u2019assurer un solide d\u00e9veloppement \u00e0 votre entreprise.<\/p>\n<p>Grace \u00e0 notre exp\u00e9rience et \u00e0 notre savoir-faire dans le conseil en affaires, les conseillers d\u2019ORBIS sont capables de r\u00e9pondre \u00e0 vos besoins en fonction du lieu de votre activit\u00e9 avec des audits pr\u00e9liminaires, puis d\u2019\u00e9laborer des solutions pertinentes et op\u00e9rationnelles.<\/p>\n<p>Nos services couvrent les domaines suivants :[\/vc_column_text]\r<!-- list -->\r<div class=\"rt-list rt68b2f209-fb4d-7 element-one   \" ><p>\n<ul>\n<li>\u00c9tude de march\u00e9<\/li>\n<li>Enregistrement de soci\u00e9t\u00e9s &amp; filiales<\/li>\n<li>R\u00e9organisation &amp; restructuration<\/li>\n<li>Analyse de tr\u00e9sorerie et budget pr\u00e9visionnel<\/li>\n<li>Mesure de performance, audit interne &amp; conseil en management<\/li>\n<li>Planification fiscale et mise en conformit\u00e9<\/li>\n<li>Planification fiscale transfrontali\u00e8re<\/li>\n<li>Audit de vuln\u00e9rabilit\u00e9 (juridique et technique) en mati\u00e8re de propri\u00e9t\u00e9 intellectuelle<\/li>\n<li>\u00c9tude de viabilit\u00e9 l\u00e9gale de titres de propri\u00e9t\u00e9<\/li>\n<\/ul>\n<\/p><\/div>\r<!-- list -->\r[\/vc_column_inner][\/vc_row_inner][\/vc_tta_section][vc_tta_section i_icon_fontawesome=&#8221;fa fa-balance-scale&#8221; add_icon=&#8221;true&#8221; title=&#8221;Services Juridiques&#8221; tab_id=&#8221;services-juridiques&#8221;][vc_row_inner][vc_column_inner][vc_column_text]\n<h3>Services Juridiques<\/h3>\n<p>Les sp\u00e9cialistes d\u2019ORBIS offrent des conseils juridiques complets \u00e0 leurs clients, entreprises ou particuliers, dans des secteurs d\u2019activit\u00e9 divers : industrie pharmaceutique, transports, production, ing\u00e9nierie, immobilier, secteur bancaire ou technologies de l\u2019information.<\/p>\n<p>Notre d\u00e9marche consiste \u00e0 mettre \u00e0 disposition de nos clients notre expertise locale, notre ma\u00eetrise du cadre l\u00e9gal et de la r\u00e9glementation en vigueur ainsi que les ressources innombrables de notre r\u00e9seau.<\/p>\n<p>Nos \u00e9quipes sont compos\u00e9es d\u2019\u00e9l\u00e9ments compl\u00e9mentaires et reconnus dans les branches sp\u00e9cifiques du droit national et international du droit des affaires.<\/p>\n<p>Nous proposons un large \u00e9ventail de services parmi lesquels :[\/vc_column_text]\r<!-- list -->\r<div class=\"rt-list rtd4eada1c-bd4d-2 element-one   \" ><p>\n<ul>\n<li>Licences commerciales et mises en conformit\u00e9<\/li>\n<li>R\u00e9daction et relecture de contrats<\/li>\n<li>Traduction et certification de documents<\/li>\n<li>Immigration, demande et renouvellement de permis de travail et visa<\/li>\n<li>Contentieux commerciaux, arbitrage et m\u00e9diation<\/li>\n<li>Contrats de travail et mise en conformit\u00e9 avec la r\u00e9glementation en vigueur<\/li>\n<li>Enregistrement \u00e0 la s\u00e9curit\u00e9 sociale<\/li>\n<li>Services de secr\u00e9tariat juridique<\/li>\n<li>Joint-ventures, fusions et acquisitions<\/li>\n<\/ul>\n<\/p><\/div>\r<!-- list -->\r[\/vc_column_inner][\/vc_row_inner][\/vc_tta_section][vc_tta_section i_icon_fontawesome=&#8221;fa fa-copyright&#8221; add_icon=&#8221;true&#8221; title=&#8221;Propri\u00e9t\u00e9 Intellectuelle&#8221; tab_id=&#8221;propriete-intellectuelle&#8221;][vc_row_inner][vc_column_inner][vc_column_text]\n<h3>Propri\u00e9t\u00e9 intellectuelle<\/h3>\n<p>Notre cabinet dispose d&#8217;une \u00e9quipe sp\u00e9cialis\u00e9e en propri\u00e9t\u00e9 intellectuelle et contentieux de la propri\u00e9t\u00e9 intellectuelle. Dirig\u00e9e par Franck Foug\u00e8re, reconnu depuis 2004 comme l&#8217;un des meilleurs conseil en propri\u00e9t\u00e9 intellectuelle, notre d\u00e9partement propose un large \u00e9ventail de services sp\u00e9cialis\u00e9s parmi lesquels :[\/vc_column_text]\r<!-- list -->\r<div class=\"rt-list rt8336667a-8568-8 element-one   \" ><p>\n<ul>\n<li>D\u00e9p\u00f4t et enregistrement de marques, lutte anti contrefa\u00e7on et contentieux;<\/li>\n<li>D\u00e9p\u00f4t et enregistrement de brevets, recherches d\u2019art ant\u00e9rieur, libert\u00e9 d\u2019exploitation \u00a0et contentieux;<\/li>\n<li>Enregistrement de droits d\u2019auteur, secrets de commerce et de fabrique;<\/li>\n<li>Gestion des droits de propri\u00e9t\u00e9 intellectuelle;<\/li>\n<li>Evaluation et valorisation des actifs immat\u00e9riels de propri\u00e9t\u00e9 intellectuelle et industrielle, strat\u00e9gies de propri\u00e9t\u00e9 intellectuelle;<\/li>\n<li>Services li\u00e9s au contentieux de propri\u00e9t\u00e9 intellectuelle (contrefa\u00e7on, parasitisme), enqu\u00eates de notori\u00e9t\u00e9 et services d\u2019investigation;<\/li>\n<li>Contrats de propri\u00e9t\u00e9 intellectuelle, \u00a0accords de transfert de technologies, confidentialit\u00e9, contrat\u00a0 de licence \u00a0et contrat de franchise ou distribution;<\/li>\n<\/ul>\n<\/p><\/div>\r<!-- list -->\r[vc_column_text]Gr\u00e2ce \u00e0 un r\u00e9seau de partenaires, d\u2019experts, d\u2019avocats et de mandataires en propri\u00e9t\u00e9 intellectuelle bas\u00e9s dans plus d\u2019une centaine de pays, ORBIS est en mesure de vous assister dans le monde entier.[\/vc_column_text][\/vc_column_inner][\/vc_row_inner][\/vc_tta_section][vc_tta_section i_icon_fontawesome=&#8221;fas fa-calculator&#8221; add_icon=&#8221;true&#8221; title=&#8221;Comptabilit\u00e9 &amp; Audit&#8221; tab_id=&#8221;comptabilite-audit&#8221;][vc_row_inner][vc_column_inner][vc_column_text]\n<h3>Comptabilit\u00e9<\/h3>\n<p>Notre vocation est d&#8217;offrir \u00e0 nos clients les moyens de se concentrer pleinement sur leurs m\u00e9tiers et leur d\u00e9veloppement.<\/p>\n<p>Afin d&#8217;aider nos clients \u00e0 bien s&#8217;int\u00e9grer et \u00e0 prosp\u00e9rer dans un environnement diff\u00e9rent de leurs pays d&#8217;origine, nous proposons des services sur mesure. R\u00e9activit\u00e9, confort, confiance et s\u00e9curit\u00e9 sont pour nous des valeurs cl\u00e9s de nos services.[\/vc_column_text]\r<!-- list -->\r<div class=\"rt-list rt6157c98d-b107-4 element-one   \" ><p>\n<ul>\n<li>Mise en place\u00a0: plan comptable, reporting et enregistrements administratifs<\/li>\n<li>Comptabilit\u00e9 courante\u00a0: saisie d\u2019\u00e9critures, r\u00e9conciliation bancaire et\u00a0 amortissements<\/li>\n<li>Ressources humaines\u00a0: enregistrement des salari\u00e9s, gestion des feuilles de paies et cotisations sociales<\/li>\n<li>Cl\u00f4ture des comptes et reporting\u00a0: compte de r\u00e9sultats, bilan et grand livre g\u00e9n\u00e9ral<\/li>\n<li>Pr\u00e9paration du bilan financier et consolidations des \u00e9tats financiers<\/li>\n<li>Pr\u00e9paration des rapports, documentation l\u00e9gale et audit<\/li>\n<li>Fiscalit\u00e9 locale\u00a0: imp\u00f4t sur les soci\u00e9t\u00e9s, imp\u00f4t sur les personnes physiques, pr\u00e9l\u00e8vements \u00e0 la source et exon\u00e9rations<\/li>\n<li>Strat\u00e9gies fiscales<\/li>\n<\/ul>\n<\/p><\/div>\r<!-- list -->\r[vc_column_text]Nos services comptables sont assur\u00e9s par des professionnels exp\u00e9riment\u00e9s disposant de contacts privil\u00e9gi\u00e9s avec les administrations locales.[\/vc_column_text][vc_column_text]\n<h3>Audit<\/h3>\n<p>Nos services d&#8217;audit sont r\u00e9alis\u00e9s en conformit\u00e9 avec les principes comptables locaux, dans le respect et l&#8217;ind\u00e9pendance des r\u00e8gles d\u00e9ontologiques de la profession.<\/p>\n<p>Notre \u00e9quipe d\u2019auditeurs est en mesure de vous offrir une expertise compl\u00e8te et fid\u00e8le \u00e0 ces exigences.<\/p>\n<p>De plus, chacune de nos actions est r\u00e9gie par les principes d\u2019ind\u00e9pendance et d\u2019int\u00e9grit\u00e9. La satisfaction de nos clients \u00e9tant notre principal souci, la qualit\u00e9 de notre travail est une priorit\u00e9.[\/vc_column_text][\/vc_column_inner][\/vc_row_inner][\/vc_tta_section][\/vc_tta_tour][\/vc_column][\/vc_row]\n<\/div>","protected":false},"excerpt":{"rendered":"<p>[vc_row css=&#8221;.vc_custom_1525342262724{margin-top: 50px !important;padding-bottom: 50px !important;}&#8221;][vc_column][vc_tta_tour color=&#8221;white&#8221; active_section=&#8221;1&#8243; no_fill_content_area=&#8221;true&#8221;][vc_tta_section i_icon_fontawesome=&#8221;fa fa-handshake-o&#8221; add_icon=&#8221;true&#8221; title=&#8221;Conseil en affaires&#8221; tab_id=&#8221;conseil-en-affaires&#8221;][vc_row_inner][vc_column_inner][vc_column_text] Conseil en affaires Sur des march\u00e9s concurrentiels et aux r\u00e9glementations parfois exotiques qui requi\u00e8rent une forte capacit\u00e9 d\u2019adaptation, il est essentiel d\u2019examiner l\u2019environnement des affaires, les pratiques locales ainsi que les opportunit\u00e9s potentielles afin d\u2019assurer un solide d\u00e9veloppement \u00e0 [&hellip;]<\/p>\n","protected":false},"author":1,"featured_media":1887,"parent":0,"menu_order":0,"comment_status":"closed","ping_status":"closed","template":"","meta":{"footnotes":""},"class_list":["post-39","page","type-page","status-publish","has-post-thumbnail","hentry"],"aioseo_notices":[],"_links":{"self":[{"href":"https:\/\/orbis-alliance.com\/fr\/wp-json\/wp\/v2\/pages\/39","targetHints":{"allow":["GET"]}}],"collection":[{"href":"https:\/\/orbis-alliance.com\/fr\/wp-json\/wp\/v2\/pages"}],"about":[{"href":"https:\/\/orbis-alliance.com\/fr\/wp-json\/wp\/v2\/types\/page"}],"author":[{"embeddable":true,"href":"https:\/\/orbis-alliance.com\/fr\/wp-json\/wp\/v2\/users\/1"}],"replies":[{"embeddable":true,"href":"https:\/\/orbis-alliance.com\/fr\/wp-json\/wp\/v2\/comments?post=39"}],"version-history":[{"count":0,"href":"https:\/\/orbis-alliance.com\/fr\/wp-json\/wp\/v2\/pages\/39\/revisions"}],"wp:featuredmedia":[{"embeddable":true,"href":"https:\/\/orbis-alliance.com\/fr\/wp-json\/wp\/v2\/media\/1887"}],"wp:attachment":[{"href":"https:\/\/orbis-alliance.com\/fr\/wp-json\/wp\/v2\/media?parent=39"}],"curies":[{"name":"wp","href":"https:\/\/api.w.org\/{rel}","templated":true}]}}