{"id":37,"date":"2018-04-13T13:04:59","date_gmt":"2018-04-13T13:04:59","guid":{"rendered":"http:\/\/orbisalliance.com\/?page_id=37"},"modified":"2018-06-15T16:08:55","modified_gmt":"2018-06-15T16:08:55","slug":"rejoignez-nous","status":"publish","type":"page","link":"https:\/\/orbis-alliance.com\/fr\/rejoignez-nous","title":{"rendered":"Rejoignez-nous"},"content":{"rendered":"<div class=\"wpb-content-wrapper\">[vc_row][vc_column width=&#8221;1\/2&#8243;][vc_column_text css_animation=&#8221;fadeInLeft&#8221;]\n<h2>Esprit d&#8217;\u00e9quipe<\/h2>\n<p>L\u2019une des principale force d\u2019ORBIS r\u00e9side dans son large r\u00e9seau d\u2019experts locaux et internationaux qui nous permet de basculer d\u2019un bureau \u00e0 l\u2019autre dans le but de servir au mieux les int\u00e9r\u00eats de nos clients. Ce r\u00e9seau d\u2019affili\u00e9s et de consultants fonctionne en \u00e9quipe au sein de laquelle chacun peut jouer un r\u00f4le cl\u00e9 au sein d\u2019une organisation globale.[\/vc_column_text][\/vc_column][vc_column width=&#8221;1\/2&#8243;][vc_column_text css_animation=&#8221;fadeInRight&#8221;]\n<h2>Fid\u00e9lit\u00e9<\/h2>\n<p>Conform\u00e9ment \u00e0 la vision d\u2019ORBIS: \u201cMore than a service provider, a long-term business partner\u201d (\u201cPlus qu\u2019un prestataire de services, un partenaire \u00e0 long terme\u201d), nous valorisons l\u2019implication et la r\u00e9alisation de chacun. ORBIS investit litt\u00e9ralement dans ses \u00e9quipes et enregistre de ce fait, un turnover des effectifs plus faible que la moyenne. C\u2019est en totale collaboration entre clients, partenaires affili\u00e9s et \u00e9quipes internes que nous intervenons pour atteindre ensemble les m\u00eames objectifs.[\/vc_column_text][\/vc_column][\/vc_row][vc_row css_animation=&#8221;fadeInUp&#8221;][vc_column][vc_column_text css_animation=&#8221;fadeInUp&#8221;]Si vous souhaitez rejoindre une organisation tourn\u00e9e vers le service aux clients et qui valorise ses \u00e9quipes, n\u2019h\u00e9sitez pas \u00e0 envoyer votre CV \u00e0 <a href=\"mailto:contact@orbis-alliance.com\">contact@orbis-alliance.com<\/a>. Notre \u00e9quipe Ressources Humaines ne manquera pas de revenir vers vous rapidement.[\/vc_column_text][\/vc_column][\/vc_row][vc_row][vc_column][vc_empty_space height=&#8221;200px&#8221;][\/vc_column][\/vc_row]\n<\/div>","protected":false},"excerpt":{"rendered":"<p>[vc_row][vc_column width=&#8221;1\/2&#8243;][vc_column_text css_animation=&#8221;fadeInLeft&#8221;] Esprit d&#8217;\u00e9quipe L\u2019une des principale force d\u2019ORBIS r\u00e9side dans son large r\u00e9seau d\u2019experts locaux et internationaux qui nous permet de basculer d\u2019un bureau \u00e0 l\u2019autre dans le but de servir au mieux les int\u00e9r\u00eats de nos clients. Ce r\u00e9seau d\u2019affili\u00e9s et de consultants fonctionne en \u00e9quipe au sein de laquelle chacun peut [&hellip;]<\/p>\n","protected":false},"author":1,"featured_media":1204,"parent":0,"menu_order":0,"comment_status":"closed","ping_status":"closed","template":"","meta":{"footnotes":""},"class_list":["post-37","page","type-page","status-publish","has-post-thumbnail","hentry"],"aioseo_notices":[],"_links":{"self":[{"href":"https:\/\/orbis-alliance.com\/fr\/wp-json\/wp\/v2\/pages\/37","targetHints":{"allow":["GET"]}}],"collection":[{"href":"https:\/\/orbis-alliance.com\/fr\/wp-json\/wp\/v2\/pages"}],"about":[{"href":"https:\/\/orbis-alliance.com\/fr\/wp-json\/wp\/v2\/types\/page"}],"author":[{"embeddable":true,"href":"https:\/\/orbis-alliance.com\/fr\/wp-json\/wp\/v2\/users\/1"}],"replies":[{"embeddable":true,"href":"https:\/\/orbis-alliance.com\/fr\/wp-json\/wp\/v2\/comments?post=37"}],"version-history":[{"count":0,"href":"https:\/\/orbis-alliance.com\/fr\/wp-json\/wp\/v2\/pages\/37\/revisions"}],"wp:featuredmedia":[{"embeddable":true,"href":"https:\/\/orbis-alliance.com\/fr\/wp-json\/wp\/v2\/media\/1204"}],"wp:attachment":[{"href":"https:\/\/orbis-alliance.com\/fr\/wp-json\/wp\/v2\/media?parent=37"}],"curies":[{"name":"wp","href":"https:\/\/api.w.org\/{rel}","templated":true}]}}