{"id":1157,"date":"2018-05-08T08:17:21","date_gmt":"2018-05-08T08:17:21","guid":{"rendered":"http:\/\/orbisalliance.com\/?page_id=1157"},"modified":"2018-06-15T16:04:48","modified_gmt":"2018-06-15T16:04:48","slug":"mentions-legales","status":"publish","type":"page","link":"https:\/\/orbis-alliance.com\/fr\/mentions-legales","title":{"rendered":"Mentions L\u00e9gales"},"content":{"rendered":"<div class=\"wpb-content-wrapper\">[vc_row el_class=&#8221;legal&#8221;][vc_column][vc_column_text]\n<h3><strong><u>Avertissements<\/u><\/strong><\/h3>\n<p>Les donn\u00e9es contenues sur ce site sont uniquement \u00e0 titre informatif. L&#8217;information est fournie par ORBIS et, m\u00eame si nous nous effor\u00e7ons de garder les informations correctes et \u00e0 jour, nous ne faisons aucune repr\u00e9sentation ou garantie d&#8217;aucune sorte, expresse ou implicite, sur l&#8217;exhaustivit\u00e9, l&#8217;exactitude, la fiabilit\u00e9, la pertinence ou la disponibilit\u00e9 du site ou les informations, produits, services ou graphiques associ\u00e9s contenus sur le site \u00e0 quelque fin que ce soit. Toute confiance que vous accordez \u00e0 ces informations rel\u00e8ve donc de votre propre responsabilit\u00e9.<\/p>\n<p>En aucun cas, nous serons responsables de toute perte ou dommage, y compris sans limitation, perte ou dommage indirect ou cons\u00e9cutif, ou de toute perte ou dommage r\u00e9sultant de la perte de donn\u00e9es ou des b\u00e9n\u00e9fices d\u00e9coulant de, ou en relation avec l&#8217;utilisation de ce site.<\/p>\n<p>Ce site vous permet d&#8217;acc\u00e9der \u00e0 d&#8217;autres sites qui ne sont pas sous le contr\u00f4le d&#8217;ORBIS. Nous n&#8217;avons aucun contr\u00f4le sur la nature, le contenu et la disponibilit\u00e9 de ces sites. L&#8217;inclusion de tout lien n&#8217;implique pas n\u00e9cessairement une recommandation ou ne souscrit pas aux opinions exprim\u00e9es en leur sein.<\/p>\n<p>Tous les efforts sont faits pour que le site fonctionne correctement. Cependant, ORBIS n&#8217;assume aucune responsabilit\u00e9 et ne sera pas responsable du fait que le site soit temporairement indisponible en raison de probl\u00e8mes techniques ind\u00e9pendants de notre volont\u00e9.[\/vc_column_text][vc_column_text]\n<h3>D\u00e9claration de confidentialit\u00e9<\/h3>\n<p>Cette d\u00e9claration de confidentialit\u00e9 liste les pratiques de confidentialit\u00e9 de www.orbis-alliance.com et s&#8217;applique uniquement aux informations collect\u00e9es sur ce site. Celle-ci vous informera des \u00e9l\u00e9ments suivants:<\/p>\n<ol>\n<li>Quelles informations personnellement identifiables sont collect\u00e9es aupr\u00e8s de vous via le site, comment elles sont utilis\u00e9es et avec qui elles peuvent \u00eatre partag\u00e9es,<\/li>\n<li>Quels choix s&#8217;offrent \u00e0 vous concernant l&#8217;utilisation de vos donn\u00e9es,<\/li>\n<li>Les proc\u00e9dures de s\u00e9curit\u00e9 en place pour prot\u00e9ger l&#8217;utilisation abusive de vos informations,<\/li>\n<li>Comment vous pouvez corriger les inexactitudes de ces informations.<\/li>\n<\/ol>\n<p><strong><em>Collecte, utilisation et partage d&#8217;informations<\/em><\/strong><\/p>\n<p>Nous sommes les seuls propri\u00e9taires des informations collect\u00e9es sur ce site. Nous avons seulement acc\u00e8s aux informations que vous nous donnez volontairement par e-mail ou par tout autre contact direct. Nous ne vendrons ni ne louerons ces informations \u00e0 quiconque.<\/p>\n<p>Nous utiliserons vos informations pour vous r\u00e9pondre conform\u00e9ment \u00e0 la raison pour laquelle vous nous avez contact\u00e9s. Nous ne partagerons pas vos informations avec des tiers en dehors de notre organisation, sauf si cela est n\u00e9cessaire pour r\u00e9pondre \u00e0 votre demande, par exemple pour exp\u00e9dier une commande.<\/p>\n<p>\u00c0 moins que vous nous demandiez de ne pas le faire, nous pourrons vous contacter ult\u00e9rieurement par courrier \u00e9lectronique pour vous informer des offres sp\u00e9ciales, des nouveaux produits ou services, ou des modifications apport\u00e9es \u00e0 cette d\u00e9claration de confidentialit\u00e9.<\/p>\n<p><strong><em>Votre acc\u00e8s et votre contr\u00f4le sur l&#8217;information<\/em><\/strong><\/p>\n<p>Vous pouvez choisir de ne plus \u00eatre contact\u00e9 de notre part \u00e0 tout moment. Vous pouvez faire ce qui suit \u00e0 tout moment en nous contactant via l&#8217;adresse e-mail ou le num\u00e9ro de t\u00e9l\u00e9phone indiqu\u00e9 sur notre site:<\/p>\n<ul>\n<li>Demander les donn\u00e9es que nous avons \u00e0 votre sujet, le cas \u00e9ch\u00e9ant.<\/li>\n<li>Modifier \/ corriger les donn\u00e9es que nous avons sur vous.<\/li>\n<li>V\u00e9rifier que nous avons supprim\u00e9 toutes les donn\u00e9es que nous avons sur vous.<\/li>\n<li>Exprimez toute pr\u00e9occupation concernant l&#8217;utilisation de vos donn\u00e9es.<\/li>\n<\/ul>\n<p><strong><em>S\u00e9curit\u00e9<\/em><\/strong><\/p>\n<p>Nous prenons des pr\u00e9cautions pour prot\u00e9ger vos informations. Lorsque vous envoyez des informations sensibles via le site, vos informations sont prot\u00e9g\u00e9es \u00e0 la fois en ligne et hors ligne.<\/p>\n<p>Partout o\u00f9 nous collectons des informations sensibles, ces informations sont crypt\u00e9es et transmises de mani\u00e8re s\u00e9curis\u00e9e. Vous pouvez le v\u00e9rifier en recherchant une ic\u00f4ne de verrouillage dans la barre d&#8217;adresse et en recherchant &#8220;https&#8221; au d\u00e9but de l&#8217;adresse de la page Web.<\/p>\n<p>Bien que nous utilisions le cryptage pour prot\u00e9ger les informations sensibles transmises en ligne, nous prot\u00e9geons \u00e9galement vos informations hors ligne. Seuls les employ\u00e9s qui ont besoin des informations pour effectuer un travail sp\u00e9cifique (par exemple, facturation ou service client) ont acc\u00e8s \u00e0 des informations personnellement identifiables. Les ordinateurs \/ serveurs dans lesquels nous stockons des informations personnelles identifiables sont conserv\u00e9s dans un environnement s\u00e9curis\u00e9.[\/vc_column_text][\/vc_column][\/vc_row]\n<\/div>","protected":false},"excerpt":{"rendered":"<p>[vc_row el_class=&#8221;legal&#8221;][vc_column][vc_column_text] Avertissements Les donn\u00e9es contenues sur ce site sont uniquement \u00e0 titre informatif. L&#8217;information est fournie par ORBIS et, m\u00eame si nous nous effor\u00e7ons de garder les informations correctes et \u00e0 jour, nous ne faisons aucune repr\u00e9sentation ou garantie d&#8217;aucune sorte, expresse ou implicite, sur l&#8217;exhaustivit\u00e9, l&#8217;exactitude, la fiabilit\u00e9, la pertinence ou la disponibilit\u00e9 [&hellip;]<\/p>\n","protected":false},"author":1,"featured_media":1201,"parent":0,"menu_order":0,"comment_status":"closed","ping_status":"closed","template":"","meta":{"footnotes":""},"class_list":["post-1157","page","type-page","status-publish","has-post-thumbnail","hentry"],"aioseo_notices":[],"_links":{"self":[{"href":"https:\/\/orbis-alliance.com\/fr\/wp-json\/wp\/v2\/pages\/1157","targetHints":{"allow":["GET"]}}],"collection":[{"href":"https:\/\/orbis-alliance.com\/fr\/wp-json\/wp\/v2\/pages"}],"about":[{"href":"https:\/\/orbis-alliance.com\/fr\/wp-json\/wp\/v2\/types\/page"}],"author":[{"embeddable":true,"href":"https:\/\/orbis-alliance.com\/fr\/wp-json\/wp\/v2\/users\/1"}],"replies":[{"embeddable":true,"href":"https:\/\/orbis-alliance.com\/fr\/wp-json\/wp\/v2\/comments?post=1157"}],"version-history":[{"count":0,"href":"https:\/\/orbis-alliance.com\/fr\/wp-json\/wp\/v2\/pages\/1157\/revisions"}],"wp:featuredmedia":[{"embeddable":true,"href":"https:\/\/orbis-alliance.com\/fr\/wp-json\/wp\/v2\/media\/1201"}],"wp:attachment":[{"href":"https:\/\/orbis-alliance.com\/fr\/wp-json\/wp\/v2\/media?parent=1157"}],"curies":[{"name":"wp","href":"https:\/\/api.w.org\/{rel}","templated":true}]}}