{"id":2743,"date":"2020-12-07T09:47:49","date_gmt":"2020-12-07T09:47:49","guid":{"rendered":"https:\/\/orbis-alliance.com\/?page_id=2743"},"modified":"2020-12-07T09:47:49","modified_gmt":"2020-12-07T09:47:49","slug":"disclaimer-privacy-policy","status":"publish","type":"page","link":"https:\/\/orbis-alliance.com\/es\/disclaimer-privacy-policy","title":{"rendered":"Descargo, privacidad y seguridad"},"content":{"rendered":"<div class=\"wpb-content-wrapper\">[vc_row el_class=&#8221;legal&#8221;][vc_column][vc_column_text]\n<h3>Descargo de responsabilidad<\/h3>\n<p>La informaci\u00f3n que figura en este sitio web es s\u00f3lo para fines de informaci\u00f3n general. La informaci\u00f3n es proporcionada por ORBIS y aunque nos esforzamos por mantener la informaci\u00f3n actualizada y correcta, no hacemos ninguna representaci\u00f3n o garant\u00eda de ning\u00fan tipo, expresa o impl\u00edcita, sobre la integridad, exactitud, fiabilidad, idoneidad o disponibilidad con respecto al sitio web o la informaci\u00f3n, productos, servicios o gr\u00e1ficos relacionados contenidos en el sitio web para cualquier prop\u00f3sito. Por lo tanto, cualquier confianza que usted deposite en dicha informaci\u00f3n es estrictamente bajo su propio riesgo.<\/p>\n<p>En ning\u00fan caso seremos responsables de ninguna p\u00e9rdida o da\u00f1o incluyendo, sin limitaci\u00f3n, p\u00e9rdidas o da\u00f1os indirectos o consecuentes, o cualquier p\u00e9rdida o da\u00f1o que surja de la p\u00e9rdida de datos o beneficios que se deriven de, o en conexi\u00f3n con, el uso de este sitio web.<\/p>\n<p>A trav\u00e9s de este sitio web usted puede enlazar con otros sitios web que no est\u00e1n bajo el control de ORBIS. No tenemos control sobre la naturaleza, el contenido y la disponibilidad de esos sitios. La inclusi\u00f3n de cualquier enlace no implica necesariamente una recomendaci\u00f3n o respaldo de las opiniones expresadas en ellos.<\/p>\n<p>Se hace todo lo posible por mantener el sitio web en funcionamiento sin problemas. Sin embargo, ORBIS no se responsabiliza ni se har\u00e1 responsable de que el sitio web no est\u00e9 disponible temporalmente debido a problemas t\u00e9cnicos fuera de nuestro control.[\/vc_column_text][vc_column_text]\n<h3>Declaraci\u00f3n de privacidad<\/h3>\n<p>Esta Declaraci\u00f3n de privacidad revela las pr\u00e1cticas de privacidad de www.orbis-alliance.com y se aplica \u00fanicamente a la informaci\u00f3n recopilada por este sitio web. Le notificar\u00e1 lo siguiente:<\/p>\n<ol>\n<li>Qu\u00e9 informaci\u00f3n de identificaci\u00f3n personal se recopila de usted a trav\u00e9s del sitio web, c\u00f3mo se utiliza y con qui\u00e9n se puede compartir,<\/li>\n<li>Qu\u00e9 opciones tiene en cuanto al uso de sus datos,<\/li>\n<li>Los procedimientos de seguridad establecidos para proteger el mal uso de su informaci\u00f3n,<\/li>\n<li>C\u00f3mo puede corregir cualquier inexactitud en la informaci\u00f3n.<\/li>\n<\/ol>\n<p><strong><em>Recopilaci\u00f3n, uso y distribuci\u00f3n de la informaci\u00f3n<br \/>\n<\/em><\/strong>Somos los \u00fanicos propietarios de la informaci\u00f3n recogida en este sitio. S\u00f3lo tenemos acceso a recoger la informaci\u00f3n que usted nos da voluntariamente por correo electr\u00f3nico u otro contacto directo de usted. No venderemos ni alquilaremos esta informaci\u00f3n a nadie.<\/p>\n<p>Utilizaremos su informaci\u00f3n para responderle, en relaci\u00f3n con la raz\u00f3n por la que nos contact\u00f3. No compartiremos su informaci\u00f3n con ning\u00fan tercero fuera de nuestra organizaci\u00f3n, excepto cuando sea necesario para cumplir con su solicitud, por ejemplo, para enviar un pedido.<\/p>\n<p>A menos que nos pida que no lo hagamos, es posible que nos pongamos en contacto con usted por correo electr\u00f3nico en el futuro para informarle sobre ofertas, nuevos productos o servicios, o cambios en esta pol\u00edtica de privacidad.<\/p>\n<p><em><strong>Su acceso y control sobre la informaci\u00f3n<br \/>\n<\/strong><\/em>Puede optar por no hacer ning\u00fan contacto futuro con nosotros en cualquier momento. Puede hacer lo siguiente en cualquier momento contact\u00e1ndonos a trav\u00e9s de la direcci\u00f3n de correo electr\u00f3nico o el n\u00famero de tel\u00e9fono que aparece en nuestra p\u00e1gina web:<\/p>\n<ul>\n<li>Vea qu\u00e9 datos tenemos sobre usted, si los hay.<\/li>\n<li>Cambiar\/corregir cualquier dato que tengamos sobre usted.<\/li>\n<li>Hacer que eliminemos cualquier dato que tengamos sobre usted.<\/li>\n<li>Exprese cualquier preocupaci\u00f3n que tenga sobre el uso de sus datos.<\/li>\n<\/ul>\n<p><em><strong>Seguridad<br \/>\n<\/strong><\/em>Tomamos precauciones para proteger su informaci\u00f3n. Cuando usted env\u00eda informaci\u00f3n sensible a trav\u00e9s del sitio web, su informaci\u00f3n est\u00e1 protegida tanto en l\u00ednea como fuera de l\u00ednea.<\/p>\n<p>Dondequiera que recopilemos informaci\u00f3n sensible, esa informaci\u00f3n se codifica y se nos transmite de forma segura. Puede verificar esto buscando el icono de un candado en la barra de direcciones y buscando &#8220;https&#8221; al principio de la direcci\u00f3n de la p\u00e1gina web.<\/p>\n<p>Aunque utilizamos la encriptaci\u00f3n para proteger la informaci\u00f3n sensible transmitida en l\u00ednea, tambi\u00e9n protegemos su informaci\u00f3n fuera de l\u00ednea. S\u00f3lo los empleados que necesitan la informaci\u00f3n para realizar un trabajo espec\u00edfico (por ejemplo, facturaci\u00f3n o servicio al cliente) tienen acceso a la informaci\u00f3n personal identificable. Las computadoras\/servidores en los que almacenamos la informaci\u00f3n de identificaci\u00f3n personal se mantienen en un entorno seguro.[\/vc_column_text][\/vc_column][\/vc_row]\n<\/div>","protected":false},"excerpt":{"rendered":"<p>[vc_row el_class=&#8221;legal&#8221;][vc_column][vc_column_text] Descargo de responsabilidad La informaci\u00f3n que figura en este sitio web es s\u00f3lo para fines de informaci\u00f3n general. La informaci\u00f3n es proporcionada por ORBIS y aunque nos esforzamos por mantener la informaci\u00f3n actualizada y correcta, no hacemos ninguna representaci\u00f3n o garant\u00eda de ning\u00fan tipo, expresa o impl\u00edcita, sobre la integridad, exactitud, fiabilidad, idoneidad [&hellip;]<\/p>\n","protected":false},"author":1,"featured_media":2747,"parent":0,"menu_order":0,"comment_status":"closed","ping_status":"closed","template":"","meta":{"footnotes":""},"class_list":["post-2743","page","type-page","status-publish","has-post-thumbnail","hentry"],"aioseo_notices":[],"_links":{"self":[{"href":"https:\/\/orbis-alliance.com\/es\/wp-json\/wp\/v2\/pages\/2743","targetHints":{"allow":["GET"]}}],"collection":[{"href":"https:\/\/orbis-alliance.com\/es\/wp-json\/wp\/v2\/pages"}],"about":[{"href":"https:\/\/orbis-alliance.com\/es\/wp-json\/wp\/v2\/types\/page"}],"author":[{"embeddable":true,"href":"https:\/\/orbis-alliance.com\/es\/wp-json\/wp\/v2\/users\/1"}],"replies":[{"embeddable":true,"href":"https:\/\/orbis-alliance.com\/es\/wp-json\/wp\/v2\/comments?post=2743"}],"version-history":[{"count":0,"href":"https:\/\/orbis-alliance.com\/es\/wp-json\/wp\/v2\/pages\/2743\/revisions"}],"wp:featuredmedia":[{"embeddable":true,"href":"https:\/\/orbis-alliance.com\/es\/wp-json\/wp\/v2\/media\/2747"}],"wp:attachment":[{"href":"https:\/\/orbis-alliance.com\/es\/wp-json\/wp\/v2\/media?parent=2743"}],"curies":[{"name":"wp","href":"https:\/\/api.w.org\/{rel}","templated":true}]}}