{"id":2424,"date":"2018-04-13T13:04:13","date_gmt":"2018-04-13T13:04:13","guid":{"rendered":"https:\/\/orbis-alliance.com\/our-teams"},"modified":"2023-01-03T07:24:36","modified_gmt":"2023-01-03T07:24:36","slug":"nuestros-equipos","status":"publish","type":"page","link":"https:\/\/orbis-alliance.com\/es\/nuestros-equipos","title":{"rendered":"Nuestros equipos"},"content":{"rendered":"<div class=\"wpb-content-wrapper\">[vc_row][vc_column][vc_column_text css_animation=&#8221;fadeIn&#8221;]Nuestros equipos consisten en un grupo de asesores legales, contables, auditores y consultores de negocios.<\/p>\n<p>Gracias a su profundo conocimiento y experiencia en las respectivas jurisdicciones, nuestro personal es capaz de proponer soluciones eficientes para satisfacer una amplia gama de necesidades empresariales.<\/p>\n<p>El equipo de Orbis es una combinaci\u00f3n de expertos extranjeros y locales que pueden proporcionar asistencia personalizada a nuestros clientes tanto para asuntos nacionales como transnacionales.<\/p>\n<p>Explore las biograf\u00edas de nuestro equipo para saber m\u00e1s sobre qui\u00e9nes somos.[\/vc_column_text][\/vc_column][\/vc_row][vc_row css=&#8221;.vc_custom_1525716665104{padding-top: 50px !important;padding-bottom: 50px !important;}&#8221;][vc_column][vc_row_inner][vc_column_inner width=&#8221;1\/3&#8243;][vc_single_image image=&#8221;1193&#8243; img_size=&#8221;medium&#8221; alignment=&#8221;center&#8221; onclick=&#8221;custom_link&#8221; css_animation=&#8221;fadeIn&#8221; link=&#8221;https:\/\/orbis-alliance.com\/es\/nuestros-equipos\/tailandia&#8221;][vc_column_text css_animation=&#8221;fadeIn&#8221;]\n<h3 style=\"text-align: center;\"><a href=\"https:\/\/orbis-alliance.com\/es\/nuestros-equipos\/tailandia\">Bangkok<\/a><\/h3>\n[\/vc_column_text][\/vc_column_inner][vc_column_inner width=&#8221;1\/3&#8243;][vc_single_image image=&#8221;1194&#8243; img_size=&#8221;medium&#8221; alignment=&#8221;center&#8221; onclick=&#8221;custom_link&#8221; css_animation=&#8221;fadeIn&#8221; link=&#8221;https:\/\/orbis-alliance.com\/es\/nuestros-equipos\/hong-kong&#8221;][vc_column_text css_animation=&#8221;fadeIn&#8221;]\n<h3 style=\"text-align: center;\"><a href=\"https:\/\/orbis-alliance.com\/es\/nuestros-equipos\/hong-kong\">Hong Kong<\/a><\/h3>\n[\/vc_column_text][\/vc_column_inner][vc_column_inner width=&#8221;1\/3&#8243;][vc_single_image image=&#8221;1195&#8243; img_size=&#8221;medium&#8221; alignment=&#8221;center&#8221; onclick=&#8221;custom_link&#8221; css_animation=&#8221;fadeIn&#8221; link=&#8221;https:\/\/orbis-alliance.com\/es\/nuestros-equipos\/china&#8221;][vc_column_text css_animation=&#8221;fadeIn&#8221;]\n<h3 style=\"text-align: center;\"><a href=\"https:\/\/orbis-alliance.com\/es\/nuestros-equipos\/china\">China<\/a><\/h3>\n[\/vc_column_text][\/vc_column_inner][\/vc_row_inner][vc_row_inner][vc_column_inner width=&#8221;1\/3&#8243;][vc_single_image image=&#8221;1196&#8243; img_size=&#8221;medium&#8221; alignment=&#8221;center&#8221; onclick=&#8221;custom_link&#8221; css_animation=&#8221;fadeIn&#8221; link=&#8221;https:\/\/orbis-alliance.com\/es\/nuestros-equipos\/filipinas&#8221;][vc_column_text css_animation=&#8221;fadeIn&#8221;]\n<h3 style=\"text-align: center;\"><a href=\"https:\/\/orbis-alliance.com\/es\/nuestros-equipos\/filipinas\">Manila<\/a><\/h3>\n[\/vc_column_text][\/vc_column_inner][vc_column_inner width=&#8221;1\/3&#8243;][vc_single_image image=&#8221;1197&#8243; img_size=&#8221;medium&#8221; alignment=&#8221;center&#8221; onclick=&#8221;custom_link&#8221; css_animation=&#8221;fadeIn&#8221; link=&#8221;https:\/\/orbis-alliance.com\/es\/nuestros-equipos\/singapur&#8221;][vc_column_text css_animation=&#8221;fadeIn&#8221;]\n<h3 style=\"text-align: center;\"><a href=\"https:\/\/orbis-alliance.com\/es\/nuestros-equipos\/singapur\">Singapur<\/a><\/h3>\n[\/vc_column_text][\/vc_column_inner][\/vc_row_inner][vc_row_inner][vc_column_inner width=&#8221;1\/3&#8243;][\/vc_column_inner][vc_column_inner width=&#8221;1\/3&#8243;][\/vc_column_inner][\/vc_row_inner][\/vc_column][\/vc_row]\n<\/div>","protected":false},"excerpt":{"rendered":"<p>[vc_row][vc_column][vc_column_text css_animation=&#8221;fadeIn&#8221;]Nuestros equipos consisten en un grupo de asesores legales, contables, auditores y consultores de negocios. Gracias a su profundo conocimiento y experiencia en las respectivas jurisdicciones, nuestro personal es capaz de proponer soluciones eficientes para satisfacer una amplia gama de necesidades empresariales. El equipo de Orbis es una combinaci\u00f3n de expertos extranjeros y locales [&hellip;]<\/p>\n","protected":false},"author":1,"featured_media":2412,"parent":0,"menu_order":0,"comment_status":"closed","ping_status":"closed","template":"","meta":{"footnotes":""},"class_list":["post-2424","page","type-page","status-publish","has-post-thumbnail","hentry"],"aioseo_notices":[],"_links":{"self":[{"href":"https:\/\/orbis-alliance.com\/es\/wp-json\/wp\/v2\/pages\/2424","targetHints":{"allow":["GET"]}}],"collection":[{"href":"https:\/\/orbis-alliance.com\/es\/wp-json\/wp\/v2\/pages"}],"about":[{"href":"https:\/\/orbis-alliance.com\/es\/wp-json\/wp\/v2\/types\/page"}],"author":[{"embeddable":true,"href":"https:\/\/orbis-alliance.com\/es\/wp-json\/wp\/v2\/users\/1"}],"replies":[{"embeddable":true,"href":"https:\/\/orbis-alliance.com\/es\/wp-json\/wp\/v2\/comments?post=2424"}],"version-history":[{"count":0,"href":"https:\/\/orbis-alliance.com\/es\/wp-json\/wp\/v2\/pages\/2424\/revisions"}],"wp:featuredmedia":[{"embeddable":true,"href":"https:\/\/orbis-alliance.com\/es\/wp-json\/wp\/v2\/media\/2412"}],"wp:attachment":[{"href":"https:\/\/orbis-alliance.com\/es\/wp-json\/wp\/v2\/media?parent=2424"}],"curies":[{"name":"wp","href":"https:\/\/api.w.org\/{rel}","templated":true}]}}