{"id":2419,"date":"2020-11-10T11:29:50","date_gmt":"2020-11-10T11:29:50","guid":{"rendered":"https:\/\/orbis-alliance.com\/?page_id=2419"},"modified":"2020-11-10T11:29:50","modified_gmt":"2020-11-10T11:29:50","slug":"unete-a-nuestro-equipo","status":"publish","type":"page","link":"https:\/\/orbis-alliance.com\/es\/unete-a-nuestro-equipo","title":{"rendered":"\u00danete a nuestro equipo"},"content":{"rendered":"<div class=\"wpb-content-wrapper\">[vc_row][vc_column width=&#8221;1\/2&#8243;][vc_column_text css_animation=&#8221;fadeInLeft&#8221;]\n<h2>Esp\u00edritu de equipo<\/h2>\n<p>La principal fortaleza de ORBIS es su vasta red de especialistas locales e internacionales que permite compartir un pool de clientes entre sus diferentes sucursales y unidades de negocios para asegurar sus mejores intereses. Nuestra red de socios y consultores de negocios trabaja como un solo equipo ya que creemos que cada uno tiene un papel clave que desempe\u00f1ar en nuestra organizaci\u00f3n.[\/vc_column_text][\/vc_column][vc_column width=&#8221;1\/2&#8243;][vc_column_text css_animation=&#8221;fadeInRight&#8221;]\n<h2>Fidelizaci\u00f3n<\/h2>\n<p>Seg\u00fan la visi\u00f3n de ORBIS &#8220;M\u00e1s que un proveedor de servicios, un socio comercial a largo plazo&#8221;, promovemos la participaci\u00f3n y el logro para todos. ORBIS invierte verdaderamente en su gente y muestra una rotaci\u00f3n de empleados mucho menor que el promedio del mercado. Trabajamos en colaboraci\u00f3n con los clientes, socios y empleados de ORBIS para alcanzar juntos los objetivos.[\/vc_column_text][\/vc_column][\/vc_row][vc_row css_animation=&#8221;fadeInUp&#8221;][vc_column][vc_column_text css_animation=&#8221;fadeInUp&#8221;]Si est\u00e1s dispuesto a unirte a una organizaci\u00f3n comprometida con el servicio a los clientes y que capacita a su gente, no dudes en enviar tu curr\u00edculum vitae a: <a href=\"mailto:contact@orbis-alliance.com\">contact@orbis-alliance.com<\/a>. Nuestro equipo de Recursos Humanos se pondr\u00e1 en contacto en breve.[\/vc_column_text][\/vc_column][\/vc_row][vc_row][vc_column][vc_empty_space height=&#8221;200px&#8221;][\/vc_column][\/vc_row]\n<\/div>","protected":false},"excerpt":{"rendered":"<p>[vc_row][vc_column width=&#8221;1\/2&#8243;][vc_column_text css_animation=&#8221;fadeInLeft&#8221;] Esp\u00edritu de equipo La principal fortaleza de ORBIS es su vasta red de especialistas locales e internacionales que permite compartir un pool de clientes entre sus diferentes sucursales y unidades de negocios para asegurar sus mejores intereses. Nuestra red de socios y consultores de negocios trabaja como un solo equipo ya que [&hellip;]<\/p>\n","protected":false},"author":1,"featured_media":2420,"parent":0,"menu_order":0,"comment_status":"closed","ping_status":"closed","template":"","meta":{"footnotes":""},"class_list":["post-2419","page","type-page","status-publish","has-post-thumbnail","hentry"],"aioseo_notices":[],"_links":{"self":[{"href":"https:\/\/orbis-alliance.com\/es\/wp-json\/wp\/v2\/pages\/2419","targetHints":{"allow":["GET"]}}],"collection":[{"href":"https:\/\/orbis-alliance.com\/es\/wp-json\/wp\/v2\/pages"}],"about":[{"href":"https:\/\/orbis-alliance.com\/es\/wp-json\/wp\/v2\/types\/page"}],"author":[{"embeddable":true,"href":"https:\/\/orbis-alliance.com\/es\/wp-json\/wp\/v2\/users\/1"}],"replies":[{"embeddable":true,"href":"https:\/\/orbis-alliance.com\/es\/wp-json\/wp\/v2\/comments?post=2419"}],"version-history":[{"count":0,"href":"https:\/\/orbis-alliance.com\/es\/wp-json\/wp\/v2\/pages\/2419\/revisions"}],"wp:featuredmedia":[{"embeddable":true,"href":"https:\/\/orbis-alliance.com\/es\/wp-json\/wp\/v2\/media\/2420"}],"wp:attachment":[{"href":"https:\/\/orbis-alliance.com\/es\/wp-json\/wp\/v2\/media?parent=2419"}],"curies":[{"name":"wp","href":"https:\/\/api.w.org\/{rel}","templated":true}]}}