{"id":2406,"date":"2018-04-13T13:04:01","date_gmt":"2018-04-13T13:04:01","guid":{"rendered":"https:\/\/orbis-alliance.com\/our-services"},"modified":"2020-11-12T10:05:24","modified_gmt":"2020-11-12T10:05:24","slug":"nuestros-servicios","status":"publish","type":"page","link":"https:\/\/orbis-alliance.com\/es\/nuestros-servicios","title":{"rendered":"Nuestros servicios"},"content":{"rendered":"<div class=\"wpb-content-wrapper\">[vc_row css=&#8221;.vc_custom_1525342262724{margin-top: 50px !important;padding-bottom: 50px !important;}&#8221;][vc_column][vc_tta_tour color=&#8221;white&#8221; active_section=&#8221;1&#8243; no_fill_content_area=&#8221;true&#8221;][vc_tta_section i_icon_fontawesome=&#8221;far fa-handshake&#8221; add_icon=&#8221;true&#8221; title=&#8221;Asesoramiento empresarial&#8221; tab_id=&#8221;asesoramiento-empresarial&#8221;][vc_row_inner][vc_column_inner][vc_column_text]\n<h3>Asesoramiento empresarial<\/h3>\n[\/vc_column_text][vc_column_text]En los mercados competitivos, que requieren una gran capacidad de adaptaci\u00f3n, es prioritario estudiar un nuevo entorno empresarial y sus posibles oportunidades para garantizar un s\u00f3lido desarrollo econ\u00f3mico.<\/p>\n<p>Bas\u00e1ndose en una combinaci\u00f3n de experiencia y conocimientos en el asesoramiento empresarial, los consultores de ORBIS son capaces de responder a las necesidades de su empresa con auditor\u00edas preliminares, as\u00ed como de proponer soluciones operativas.<\/p>\n<p>Nuestros servicios se centran espec\u00edficamente en los siguientes campos:[\/vc_column_text]\r<!-- list -->\r<div class=\"rt-list rt68b2f209-fb4d-7 element-one   \" ><p>\n<ul>\n<li>Estudio de mercado<\/li>\n<li>Constituci\u00f3n de empresas y sucursales<\/li>\n<li>Pr\u00e1ctica de quiebra y reestructuraci\u00f3n<\/li>\n<li>An\u00e1lisis de cash flow y presupuesto de previsi\u00f3n<\/li>\n<li>Medici\u00f3n del rendimiento, auditor\u00eda interna y asesoramiento en materia de gesti\u00f3n<\/li>\n<li>Planificaci\u00f3n y cumplimiento impositivo<\/li>\n<li>Planificaci\u00f3n fiscal transfronteriza<\/li>\n<li>Auditor\u00eda de vulnerabilidad de la propiedad intelectual<\/li>\n<li>Diligencia debida en materia de propiedad y aplicaci\u00f3n de la adquisici\u00f3n de bienes<\/li>\n<\/ul>\n<\/p><\/div>\r<!-- list -->\r[\/vc_column_inner][\/vc_row_inner][\/vc_tta_section][vc_tta_section i_icon_fontawesome=&#8221;fas fa-balance-scale&#8221; add_icon=&#8221;true&#8221; title=&#8221;Asesor\u00eda legal&#8221; tab_id=&#8221;asesoria-legal&#8221;][vc_row_inner][vc_column_inner][vc_column_text]\n<h3>Asesor\u00eda legal<\/h3>\n[\/vc_column_text][vc_column_text]Los expertos de ORBIS ofrecen un asesoramiento jur\u00eddico integral a clientes corporativos y no corporativos en diversos sectores como el farmac\u00e9utico, el transporte, la producci\u00f3n industrial, la ingenier\u00eda, el sector inmobiliario, la banca y la tecnolog\u00eda de la informaci\u00f3n.<\/p>\n<p>Nuestro enfoque es aportar experiencia local, comprensi\u00f3n de los marcos legales y regulatorios, as\u00ed como una red de recursos y conexiones para cada uno de nuestros clientes.<\/p>\n<p>Nuestros equipos son capaces de proporcionar experiencia legal no s\u00f3lo en las regulaciones nacionales sino tambi\u00e9n en el marco del derecho comercial internacional.<\/p>\n<p>Proporcionamos una amplia gama de servicios jur\u00eddicos, entre los que se incluyen:[\/vc_column_text]\r<!-- list -->\r<div class=\"rt-list rtd4eada1c-bd4d-2 element-one   \" ><p>\n<ul>\n<li>Licencias comerciales y cumplimiento normativo<\/li>\n<li>Redacci\u00f3n y revisi\u00f3n de contratos<\/li>\n<li>Traducci\u00f3n y legalizaci\u00f3n de documentos<\/li>\n<li>Inmigraci\u00f3n, permiso de trabajo y solicitud de visado<\/li>\n<li>Litigios comerciales, arbitraje y mediaci\u00f3n<\/li>\n<li>Contratos de trabajo y cumplimiento normativo<\/li>\n<li>Registro de la caja de seguridad social<\/li>\n<li>Servicios corporativos de secretar\u00eda<\/li>\n<li>Joint-Ventures, fusiones y adquisiciones<\/li>\n<\/ul>\n<\/p><\/div>\r<!-- list -->\r[\/vc_column_inner][\/vc_row_inner][\/vc_tta_section][vc_tta_section i_icon_fontawesome=&#8221;far fa-copyright&#8221; add_icon=&#8221;true&#8221; title=&#8221;Propiedad intelectual&#8221; tab_id=&#8221;propiedad-intelectual&#8221;][vc_row_inner][vc_column_inner][vc_column_text]\n<h3>Propiedad intelectual<\/h3>\n[\/vc_column_text][vc_column_text]Nuestra asesor\u00eda en P.I. ofrece una amplia gama de servicios de propiedad intelectual, con un enfoque estrat\u00e9gico y con visi\u00f3n de futuro, la cual incluye:[\/vc_column_text]\r<!-- list -->\r<div class=\"rt-list rt8336667a-8568-8 element-one   \" ><p>\n<ul>\n<li>Presentaci\u00f3n y registro de marcas, investigaci\u00f3n, lucha contra la falsificaci\u00f3n y vigilancia de las marcas.<\/li>\n<li>Presentaci\u00f3n de patentes y procesamiento<\/li>\n<li>Presentaci\u00f3n de solicitudes de derechos de autor y de dise\u00f1os y concesi\u00f3n de licencias<\/li>\n<li>Gesti\u00f3n de la propiedad intelectual<\/li>\n<li>Servicios de valoraci\u00f3n y de estrategia de propiedad intelectual<\/li>\n<li>Litigios relacionados con casos de propiedad intelectual, incluida la investigaci\u00f3n y el asesoramiento<\/li>\n<li>Trabajo de asesoramiento y transacci\u00f3n, incluyendo los acuerdos de transferencia de tecnolog\u00eda, no divulgaci\u00f3n, concesi\u00f3n de licencias, franquicia y distribuci\u00f3n<\/li>\n<\/ul>\n<\/p><\/div>\r<!-- list -->\r[vc_column_text]En el marco de una red de expertos en propiedad intelectual y de asociados en m\u00e1s de 100 pa\u00edses, ORBIS puede ejecutar resultados de calidad con colaboradores de todo el mundo.[\/vc_column_text][\/vc_column_inner][\/vc_row_inner][\/vc_tta_section][vc_tta_section i_icon_fontawesome=&#8221;fas fa-calculator&#8221; add_icon=&#8221;true&#8221; title=&#8221;Contabilidad &amp; Auditor\u00eda&#8221; tab_id=&#8221;contabilidad-auditoria&#8221;][vc_row_inner][vc_column_inner][vc_column_text]\n<h3>Contabilidad<\/h3>\n[\/vc_column_text][vc_column_text]Nuestro objetivo es proporcionar servicios orientados a soluciones y rentables que ayuden a nuestros clientes a alcanzar sus objetivos comerciales.<\/p>\n<p>En respuesta a estas necesidades, ORBIS ofrece servicios a medida que combinan la confianza, el conocimiento y la experiencia, incluyendo:[\/vc_column_text]\r<!-- list -->\r<div class=\"rt-list rt6157c98d-b107-4 element-one   \" ><p>\n<ul>\n<li>Implementaci\u00f3n de planes de contabilidad, an\u00e1lisis de flujo de caja y previsi\u00f3n de presupuestos, medici\u00f3n del rendimiento<\/li>\n<li>Servicios integrales de contabilidad<\/li>\n<li>Gesti\u00f3n de n\u00f3minas<\/li>\n<li>Gesti\u00f3n del cierre contable y la presentaci\u00f3n de informes<\/li>\n<li>Preparaci\u00f3n de los estados financieros y consolidaci\u00f3n<\/li>\n<li>Preparaci\u00f3n de informes de gesti\u00f3n y documentaci\u00f3n jur\u00eddica<\/li>\n<li>Externalizaci\u00f3n de impuestos, c\u00e1lculo y presentaci\u00f3n de formularios para todos los impuestos aplicables (I.V.A., Impuesto sobre la Renta de las Personas F\u00edsicas, Retenci\u00f3n de Sociedades, etc.).<\/li>\n<li>Planificaci\u00f3n y cumplimiento de impuestos<\/li>\n<\/ul>\n<\/p><\/div>\r<!-- list -->\r[vc_column_text]\n<h3>Auditor\u00eda<\/h3>\n[\/vc_column_text][vc_column_text]Nuestros servicios de contabilidad son realizados por profesionales experimentados en la aplicaci\u00f3n de los principios contables y fiscales tanto internacionales como nacionales.<\/p>\n<p>Nuestra auditor\u00eda legal consiste en expresar una opini\u00f3n sobre la sinceridad de la informaci\u00f3n financiera de las empresas y el cumplimiento de los principios de contabilidad generalmente aceptados. Realizada con arreglo a una estricta pol\u00edtica jur\u00eddica y deontol\u00f3gica y con total independencia, el encargo de auditor\u00eda es una obligaci\u00f3n legal para todas las empresas.<\/p>\n<p>A este respecto, nuestro cualificado y experimentado equipo de auditor\u00eda puede proporcionar una amplia gama de conocimientos.<\/p>\n<p>Los principios de independencia e integridad rigen adem\u00e1s cada una de nuestras operaciones. Como hacemos hincapi\u00e9 en la satisfacci\u00f3n de nuestros clientes, la calidad de nuestro trabajo es una prioridad.[\/vc_column_text][\/vc_column_inner][\/vc_row_inner][\/vc_tta_section][\/vc_tta_tour][\/vc_column][\/vc_row]\n<\/div>","protected":false},"excerpt":{"rendered":"<p>[vc_row css=&#8221;.vc_custom_1525342262724{margin-top: 50px !important;padding-bottom: 50px !important;}&#8221;][vc_column][vc_tta_tour color=&#8221;white&#8221; active_section=&#8221;1&#8243; no_fill_content_area=&#8221;true&#8221;][vc_tta_section i_icon_fontawesome=&#8221;far fa-handshake&#8221; add_icon=&#8221;true&#8221; title=&#8221;Asesoramiento empresarial&#8221; tab_id=&#8221;asesoramiento-empresarial&#8221;][vc_row_inner][vc_column_inner][vc_column_text] Asesoramiento empresarial [\/vc_column_text][vc_column_text]En los mercados competitivos, que requieren una gran capacidad de adaptaci\u00f3n, es prioritario estudiar un nuevo entorno empresarial y sus posibles oportunidades para garantizar un s\u00f3lido desarrollo econ\u00f3mico. Bas\u00e1ndose en una combinaci\u00f3n de experiencia y conocimientos en el [&hellip;]<\/p>\n","protected":false},"author":1,"featured_media":2407,"parent":0,"menu_order":0,"comment_status":"closed","ping_status":"closed","template":"","meta":{"footnotes":""},"class_list":["post-2406","page","type-page","status-publish","has-post-thumbnail","hentry"],"aioseo_notices":[],"_links":{"self":[{"href":"https:\/\/orbis-alliance.com\/es\/wp-json\/wp\/v2\/pages\/2406","targetHints":{"allow":["GET"]}}],"collection":[{"href":"https:\/\/orbis-alliance.com\/es\/wp-json\/wp\/v2\/pages"}],"about":[{"href":"https:\/\/orbis-alliance.com\/es\/wp-json\/wp\/v2\/types\/page"}],"author":[{"embeddable":true,"href":"https:\/\/orbis-alliance.com\/es\/wp-json\/wp\/v2\/users\/1"}],"replies":[{"embeddable":true,"href":"https:\/\/orbis-alliance.com\/es\/wp-json\/wp\/v2\/comments?post=2406"}],"version-history":[{"count":0,"href":"https:\/\/orbis-alliance.com\/es\/wp-json\/wp\/v2\/pages\/2406\/revisions"}],"wp:featuredmedia":[{"embeddable":true,"href":"https:\/\/orbis-alliance.com\/es\/wp-json\/wp\/v2\/media\/2407"}],"wp:attachment":[{"href":"https:\/\/orbis-alliance.com\/es\/wp-json\/wp\/v2\/media?parent=2406"}],"curies":[{"name":"wp","href":"https:\/\/api.w.org\/{rel}","templated":true}]}}